{"id":526,"date":"2021-01-22T01:14:21","date_gmt":"2021-01-22T04:14:21","guid":{"rendered":"https:\/\/observatorioporunbuentrato.cl\/?page_id=526"},"modified":"2024-11-19T14:24:36","modified_gmt":"2024-11-19T17:24:36","slug":"declaracion-voluntariado","status":"publish","type":"page","link":"https:\/\/observatorioporunbuentrato.cl\/?page_id=526","title":{"rendered":"Declaraci\u00f3n Voluntariado"},"content":{"rendered":"\n\n\n<p style=\"text-align: center;\"><br><\/p>\n<span style=\"font-size: 14px;\"><\/span><p class=\"MsoNormal\">El voluntariado para nuestro observatorio por un buen trato comienza&nbsp;<span style=\"font-size: inherit; font-style: inherit; font-variant-ligatures: inherit; font-variant-caps: inherit; font-weight: inherit;\">cuando; como ciudadano, decido hacerme responsable. y participo, siendo&nbsp;<\/span><span style=\"font-size: inherit; font-style: inherit; font-variant-ligatures: inherit; font-variant-caps: inherit; font-weight: inherit;\">consciente que mis acciones, suman o restan.<\/span><\/p><p class=\"MsoNormal\"><span lang=\"ES-CL\">.<br><o:p><\/o:p><\/span><\/p>\n\n<span style=\"font-size: 17px;\"><\/span><p style=\"text-align: center;\"><span style=\"background-color: transparent; color: rgb(79, 129, 189);\">Por esta declaraci\u00f3n me comprometo por lo tanto\na:\u2026saludar siempre con una sonrisa, &#8230;escuchar a los otros, de verdad,\ntratando de entenderlos,&nbsp;<\/span><\/p><p style=\"text-align: center;\"><span style=\"background-color: transparent; color: rgb(79, 129, 189);\">\u2026me comprometo a no hacer a otros lo que no me\ngustar\u00eda que me hicieran a m\u00ed, y todos los d\u00edas, me comprometo a hacer solo una\ncosa, por peque\u00f1a que sea, para que alguien se sienta bien o mejor, y tambi\u00e9n\nme comprometo a hacer algo, todos los d\u00edas, por peque\u00f1o que sea, para que el\nmundo sea mejor.<\/span><\/p><p style=\"text-align: center; \"><em><span style=\"color: rgb(31, 73, 125);\"><span style=\"line-height: 1; font-size: 17px;\"><\/span><\/span><\/em><\/p><span lang=\"ES-CL\"><br><o:p><\/o:p><\/span>\n\n<p class=\"MsoNormal\"><span lang=\"ES-CL\">Al ingresar tus datos y enviarnos el siguiente\nformulario te haces voluntario del observatorio por un buen trato, y te haces\nresponsable de la declaraci\u00f3n que acabas de leer y que suscribes aqu\u00ed.<o:p><\/o:p><\/span><\/p>\n<div role=\"form\" class=\"wpcf7\" id=\"wpcf7-f520-o1\" lang=\"es-CL\" dir=\"ltr\">\n<div class=\"screen-reader-response\"><p role=\"status\" aria-live=\"polite\" aria-atomic=\"true\"><\/p> <ul><\/ul><\/div>\n<form action=\"\/index.php?rest_route=%2Fwp%2Fv2%2Fpages%2F526#wpcf7-f520-o1\" method=\"post\" class=\"wpcf7-form init\" novalidate=\"novalidate\" data-status=\"init\">\n<div style=\"display: none;\">\n<input type=\"hidden\" name=\"_wpcf7\" value=\"520\" \/>\n<input type=\"hidden\" name=\"_wpcf7_version\" value=\"5.3.2\" \/>\n<input type=\"hidden\" name=\"_wpcf7_locale\" value=\"es_CL\" \/>\n<input type=\"hidden\" name=\"_wpcf7_unit_tag\" value=\"wpcf7-f520-o1\" \/>\n<input type=\"hidden\" name=\"_wpcf7_container_post\" value=\"0\" \/>\n<input type=\"hidden\" name=\"_wpcf7_posted_data_hash\" value=\"\" \/>\n<\/div>\n<p><label> Nombre<br \/>\n    <span class=\"wpcf7-form-control-wrap your-name\"><input type=\"text\" name=\"your-name\" value=\"\" size=\"40\" class=\"wpcf7-form-control wpcf7-text wpcf7-validates-as-required\" aria-required=\"true\" aria-invalid=\"false\" \/><\/span> <\/label><\/p>\n<p><label> Email<br \/>\n    <span class=\"wpcf7-form-control-wrap your-email\"><input type=\"email\" name=\"your-email\" value=\"\" size=\"40\" class=\"wpcf7-form-control wpcf7-text wpcf7-email wpcf7-validates-as-required wpcf7-validates-as-email\" aria-required=\"true\" aria-invalid=\"false\" \/><\/span> <\/label><\/p>\n<p><label> Tel\u00e9fono (Opcional)<br \/>\n    <span class=\"wpcf7-form-control-wrap your-subject\"><input type=\"text\" name=\"your-subject\" value=\"\" size=\"40\" class=\"wpcf7-form-control wpcf7-text\" aria-invalid=\"false\" \/><\/span> <\/label><\/p>\n<p><label> Edad<br \/>\n    <span class=\"wpcf7-form-control-wrap text-700\"><input type=\"text\" name=\"text-700\" value=\"\" size=\"40\" class=\"wpcf7-form-control wpcf7-text wpcf7-validates-as-required\" aria-required=\"true\" aria-invalid=\"false\" \/><\/span> <\/label><\/p>\n<p><label> G\u00e9nero (Opcional)<br \/>\n    <span class=\"wpcf7-form-control-wrap text-585\"><input type=\"text\" name=\"text-585\" value=\"\" size=\"40\" class=\"wpcf7-form-control wpcf7-text\" aria-invalid=\"false\" \/><\/span> <\/label><\/p>\n<p><label> Actividad<br \/>\n    <span class=\"wpcf7-form-control-wrap text-884\"><input type=\"text\" name=\"text-884\" value=\"\" size=\"40\" class=\"wpcf7-form-control wpcf7-text wpcf7-validates-as-required\" aria-required=\"true\" aria-invalid=\"false\" \/><\/span> <\/label><\/p>\n<p><label> Comuna y Regi\u00f3n<br \/>\n    <span class=\"wpcf7-form-control-wrap text-957\"><input type=\"text\" name=\"text-957\" value=\"\" size=\"40\" class=\"wpcf7-form-control wpcf7-text wpcf7-validates-as-required\" aria-required=\"true\" aria-invalid=\"false\" \/><\/span> <\/label><\/p>\n<p><input type=\"submit\" value=\"Firmar Compromiso\" class=\"wpcf7-form-control wpcf7-submit\" \/><\/p>\n<div class=\"wpcf7-response-output\" aria-hidden=\"true\"><\/div><\/form><\/div>\n\n\n","protected":false},"excerpt":{"rendered":"","protected":false},"author":1,"featured_media":0,"parent":0,"menu_order":0,"comment_status":"closed","ping_status":"closed","template":"","meta":{"footnotes":""},"class_list":["post-526","page","type-page","status-publish","hentry"],"_links":{"self":[{"href":"https:\/\/observatorioporunbuentrato.cl\/index.php?rest_route=\/wp\/v2\/pages\/526","targetHints":{"allow":["GET"]}}],"collection":[{"href":"https:\/\/observatorioporunbuentrato.cl\/index.php?rest_route=\/wp\/v2\/pages"}],"about":[{"href":"https:\/\/observatorioporunbuentrato.cl\/index.php?rest_route=\/wp\/v2\/types\/page"}],"author":[{"embeddable":true,"href":"https:\/\/observatorioporunbuentrato.cl\/index.php?rest_route=\/wp\/v2\/users\/1"}],"replies":[{"embeddable":true,"href":"https:\/\/observatorioporunbuentrato.cl\/index.php?rest_route=%2Fwp%2Fv2%2Fcomments&post=526"}],"version-history":[{"count":4,"href":"https:\/\/observatorioporunbuentrato.cl\/index.php?rest_route=\/wp\/v2\/pages\/526\/revisions"}],"predecessor-version":[{"id":532,"href":"https:\/\/observatorioporunbuentrato.cl\/index.php?rest_route=\/wp\/v2\/pages\/526\/revisions\/532"}],"wp:attachment":[{"href":"https:\/\/observatorioporunbuentrato.cl\/index.php?rest_route=%2Fwp%2Fv2%2Fmedia&parent=526"}],"curies":[{"name":"wp","href":"https:\/\/api.w.org\/{rel}","templated":true}]}}