{"id":358,"date":"2020-12-22T00:11:18","date_gmt":"2020-12-22T03:11:18","guid":{"rendered":"http:\/\/observatorioporunbuentrato.cl\/?page_id=358"},"modified":"2024-11-19T14:24:36","modified_gmt":"2024-11-19T17:24:36","slug":"fonos","status":"publish","type":"page","link":"https:\/\/observatorioporunbuentrato.cl\/?page_id=358","title":{"rendered":"fonos"},"content":{"rendered":"\n\n\n<h2>TEL\u00c9FONOS DE EMERGENCIA &#8211; DENUNCIA EL MALTRATO<\/h2>\n\n\n\n\n\n\n\n\n<p>Servicio telef\u00f3nico gratuito con la asistencia de Carabineros de Chile para apoyar de forma preventiva a quienes son o podr\u00edan ser v\u00edctimas de violencia intrafamiliar.&nbsp;<\/p>\n<p><a href=\"tel:149\">COMUNICATE AHORA CON FONO FAMILIA<\/a>.<\/p>\n\n\n\n\n\n\n<p>Red de apoyo para mujeres que son o podr\u00edan ser v\u00edctimas de violencia intrafamiliar a trav\u00e9s del Servicio Nacional de la Mujeres y la Equidad de G\u00e9nero (Sernameg).&nbsp;<\/p>\n<p><a href=\"tel:1455\">COMUNICATE AHORA Y SOLICITA ORIENTACI\u00d3N O AYUDA<\/a>.<\/p>\n\n\n\n\n\n\n<p>Asistencia telef\u00f3nica gratuita de emergencia creada como una instancia de apoyo y prevenci\u00f3n dirigida a ni\u00f1as, ni\u00f1os y adolescentes que sean v\u00edctimas de amenazas o vulneraci\u00f3n de sus derechos.<\/p>\n<p><a href=\"tel:147\">COMUNICATE AHORA CON FONO NI\u00d1O<\/a>.<\/p>\n\n\n\n\n\n\n<p>Servicio telef\u00f3nico para denunciar&nbsp;<span style=\"font-size: inherit; font-style: inherit; font-variant-ligatures: inherit; font-variant-caps: inherit; font-weight: inherit;\">situaciones de vulneraci\u00f3n de derechos de ni\u00f1os y ni\u00f1as, maltrato&nbsp;<\/span><span style=\"font-size: inherit; font-style: inherit; font-variant-ligatures: inherit; font-variant-caps: inherit; font-weight: inherit;\">infantil y abuso sexual. De acuerdo al hecho denunciado, se activa la&nbsp;<\/span><span style=\"font-size: inherit; font-style: inherit; font-variant-ligatures: inherit; font-variant-caps: inherit; font-weight: inherit;\">red para intervenir.<\/span><span style=\"font-size: inherit; font-style: inherit; font-variant-ligatures: inherit; font-variant-caps: inherit; font-weight: inherit;\">.<\/span><\/p>\n<p><a href=\"tel:800730800\">COMUNICATE AHORA CON FONO DENUNCIA SENAME<\/a>.<\/p>\n\n\n\n\n\n\n<p><span lang=\"ES-CL\" style=\"font-size: 12pt; line-height: 107%; font-family: Arial, sans-serif; color: rgb(34, 34, 34); background-image: initial; background-position: initial; background-size: initial; background-repeat: initial; background-attachment: initial; background-origin: initial; background-clip: initial;\">Programa de la Subsecretar\u00eda de Prevenci\u00f3n del\nDelito para&nbsp;<\/span><span lang=\"ES-CL\" style=\"font-size:12.0pt;line-height:107%;\nfont-family:&quot;Arial&quot;,sans-serif;mso-fareast-font-family:&quot;Times New Roman&quot;;\ncolor:#222222;mso-ansi-language:ES-CL;mso-fareast-language:EN-US;mso-bidi-language:\nAR-SA\"><span style=\"background-image: initial; background-position: initial; background-size: initial; background-repeat: initial; background-attachment: initial; background-origin: initial; background-clip: initial;\">denunciar an\u00f3nimamente alg\u00fan abuso en caso de\nque se tenga conocimiento&nbsp;<\/span><span style=\"background-image: initial; background-position: initial; background-size: initial; background-repeat: initial; background-attachment: initial; background-origin: initial; background-clip: initial;\">de \u00e9ste.<\/span><\/span><span style=\"font-size: inherit; font-style: inherit; font-variant-ligatures: inherit; font-variant-caps: inherit; font-weight: inherit;\">.<\/span><\/p>\n<p><a href=\"tel:6004000101\n\">COMUNICATE AHORA CON FONO DENUNCIA SEGURO DE LA SUBSECRETAR\u00cdA DE PREVENCI\u00d3N DEL DELITO<\/a>.<\/p>\n\n\n\n\n\n\n<p><font color=\"#222222\" face=\"Arial, sans-serif\">Red telef\u00f3nica para denunciar delitos o acciones de violencia&nbsp;<\/font><span style=\"color: rgb(34, 34, 34); font-family: Arial, sans-serif; font-size: inherit; font-style: inherit; font-variant-ligatures: inherit; font-variant-caps: inherit; font-weight: inherit;\">contra menores de edad.<\/span><\/p>\n<p><a href=\"tel:6003330000\">COMUNICATE AHORA CON FONO UNIDAD DE V\u00cdCTIMAS Y TESTIGOS DE LA FISCAL\u00cdA DE CHILE (URAVIT)<\/a>.<\/p>\n\n\n\n\n\n<h2>TEL\u00c9FONOS DE EMERGENCIA &#8211; SI NECESITAS AYUDA<\/h2>\n\n\n\n\n<p><span style=\"font-size: inherit; font-style: inherit; font-variant-ligatures: inherit; font-variant-caps: inherit; font-weight: inherit;\">Asistencia telef\u00f3nica&nbsp;<\/span><span style=\"font-size: inherit; font-style: inherit; font-variant-ligatures: inherit; font-variant-caps: inherit; font-weight: inherit;\">en la que se reciben consultas sobre maltrato infantil, abuso sexual y&nbsp;<\/span><span style=\"font-size: inherit; font-style: inherit; font-variant-ligatures: inherit; font-variant-caps: inherit; font-weight: inherit;\">violencia intrafamiliar. Se entrega informaci\u00f3n sobre los recursos&nbsp;<\/span><span style=\"font-size: inherit; font-style: inherit; font-variant-ligatures: inherit; font-variant-caps: inherit; font-weight: inherit;\">comunales, regionales y nacionales a los que pueden recurrir las&nbsp;<\/span><span style=\"font-size: inherit; font-style: inherit; font-variant-ligatures: inherit; font-variant-caps: inherit; font-weight: inherit;\">v\u00edctimas.&nbsp;<\/span><\/p>\n<p><a href=\"tel:800220040\">COMUNICATE CON PROGRAMA DE VIOLENCIA INTRAFAMILIAR Y DE MALTRATO INFANTIL DE LA\nCORPORACI\u00d3N DE ASISTENCIA JUDICIAL<\/a>.<\/p>\n\n\n\n\n\n\n<p style=\"text-align: justify; \"><span lang=\"ES-CL\" style=\"font-size: 12pt; line-height: 107%; font-family: Arial, sans-serif; color: rgb(34, 34, 34); background-image: initial; background-position: initial; background-size: initial; background-repeat: initial; background-attachment: initial; background-origin: initial; background-clip: initial;\">Si no puedes identificar qu\u00e9&nbsp;<\/span><span lang=\"ES-CL\" style=\"font-size:12.0pt;line-height:107%;font-family:&quot;Arial&quot;,sans-serif;\nmso-fareast-font-family:&quot;Times New Roman&quot;;color:#222222;mso-ansi-language:ES-CL;\nmso-fareast-language:EN-US;mso-bidi-language:AR-SA\"><span style=\"background-image: initial; background-position: initial; background-size: initial; background-repeat: initial; background-attachment: initial; background-origin: initial; background-clip: initial;\">derecho est\u00e1 siendo vulnerado o transgredido,\ncont\u00e1ctate a este n\u00famero.&nbsp;<\/span><span style=\"background-image: initial; background-position: initial; background-size: initial; background-repeat: initial; background-attachment: initial; background-origin: initial; background-clip: initial;\">Te orientaremos y canalizaremos tu consulta a\ntrav\u00e9s de alguna de las&nbsp;<\/span><span style=\"background-image: initial; background-position: initial; background-size: initial; background-repeat: initial; background-attachment: initial; background-origin: initial; background-clip: initial;\">facultades establecidas por Ley, ya sea para la\ncorrecta derivaci\u00f3n a&nbsp;<\/span><span style=\"background-image: initial; background-position: initial; background-size: initial; background-repeat: initial; background-attachment: initial; background-origin: initial; background-clip: initial;\">otro \u00f3rgano competente o bien para la ejecuci\u00f3n\nde alguna de nuestras&nbsp;<\/span><span style=\"background-image: initial; background-position: initial; background-size: initial; background-repeat: initial; background-attachment: initial; background-origin: initial; background-clip: initial;\">facultades.<\/span><\/span><\/p>\n<p><a href=\"tel:+5624979600\">COMUNICATE AHORA CON LA DEFENSOR\u00cdA DE LA NI\u00d1EZ<\/a>.<\/p>\n\n\n\n\n\n\n<p style=\"text-align: justify; \"><span style=\"color: rgb(34, 34, 34); font-family: Arial, sans-serif;\">Organismo que protege los derechos de los ni\u00f1os y&nbsp;<\/span><span style=\"color: rgb(34, 34, 34); font-family: Arial, sans-serif; font-size: inherit; font-style: inherit; font-variant-ligatures: inherit; font-variant-caps: inherit; font-weight: inherit;\">ni\u00f1as contra cualquier acto de violencia intrafamiliar, maltrato&nbsp;<\/span><span style=\"color: rgb(34, 34, 34); font-family: Arial, sans-serif; font-size: inherit; font-style: inherit; font-variant-ligatures: inherit; font-variant-caps: inherit; font-weight: inherit;\">infantil y tipificaci\u00f3n de delitos sexuales<\/span><\/p><p style=\"text-align: justify;\"><br><\/p>\n<p><a href=\"tel:+5624228800\">COMUNICATE AHORA CON UNICEF<\/a>.<\/p>\n\n\n\n\n\n\n","protected":false},"excerpt":{"rendered":"","protected":false},"author":1,"featured_media":0,"parent":0,"menu_order":0,"comment_status":"closed","ping_status":"closed","template":"","meta":{"footnotes":""},"class_list":["post-358","page","type-page","status-publish","hentry"],"_links":{"self":[{"href":"https:\/\/observatorioporunbuentrato.cl\/index.php?rest_route=\/wp\/v2\/pages\/358","targetHints":{"allow":["GET"]}}],"collection":[{"href":"https:\/\/observatorioporunbuentrato.cl\/index.php?rest_route=\/wp\/v2\/pages"}],"about":[{"href":"https:\/\/observatorioporunbuentrato.cl\/index.php?rest_route=\/wp\/v2\/types\/page"}],"author":[{"embeddable":true,"href":"https:\/\/observatorioporunbuentrato.cl\/index.php?rest_route=\/wp\/v2\/users\/1"}],"replies":[{"embeddable":true,"href":"https:\/\/observatorioporunbuentrato.cl\/index.php?rest_route=%2Fwp%2Fv2%2Fcomments&post=358"}],"version-history":[{"count":17,"href":"https:\/\/observatorioporunbuentrato.cl\/index.php?rest_route=\/wp\/v2\/pages\/358\/revisions"}],"predecessor-version":[{"id":539,"href":"https:\/\/observatorioporunbuentrato.cl\/index.php?rest_route=\/wp\/v2\/pages\/358\/revisions\/539"}],"wp:attachment":[{"href":"https:\/\/observatorioporunbuentrato.cl\/index.php?rest_route=%2Fwp%2Fv2%2Fmedia&parent=358"}],"curies":[{"name":"wp","href":"https:\/\/api.w.org\/{rel}","templated":true}]}}