{"id":179,"date":"2020-12-19T01:31:45","date_gmt":"2020-12-19T04:31:45","guid":{"rendered":"http:\/\/observatorioporunbuentrato.cl\/?page_id=179"},"modified":"2024-11-19T14:24:36","modified_gmt":"2024-11-19T17:24:36","slug":"inicio","status":"publish","type":"page","link":"https:\/\/observatorioporunbuentrato.cl\/","title":{"rendered":"Inicio"},"content":{"rendered":"\n\n\n\n\n\n<p>la fundaci\u00f3n<\/p>\n\n\n<p style=\"text-align: justify; font-size: 14px;\">La Fundaci\u00f3n Observatorio Por Un Buen Trato, tiene como objetivo el estudio, investigaci\u00f3n, difusi\u00f3n, promoci\u00f3n, prevenci\u00f3n, capacitaci\u00f3n, y canalizaci\u00f3n de voluntariado, para proporcionar asistencia, asesoramiento y apoyo a personas, familias, empresas, organizaciones, instituciones p\u00fablicas y privadas, sobre el buen trato entre las personas, entre la familia y en las organizaciones p\u00fablicas y privadas, el buen trato entre todos ellos, y tambi\u00e9n con el espacio p\u00fablico y el medioambiente.<\/p>\n\n\n\n\n\n\nvisi\u00f3n\n\n\n<p style=\"text-align: justify; \"><span style=\"font-size: 14px;\"><span style=\"font-size: 13px;\"><\/span><\/span><span style=\"font-size: 14px;\">\u2022 imaginamos un mundo\nmejor si el buen trato se hace parte de la cultura en sus sentidos m\u00e1s amplios\ny profundos, en cada espacio de la vida, con uno mismo, con los dem\u00e1s y con el\nmedio ambiente.&nbsp;<br><\/span><span style=\"background-color: transparent; font-size: 14px;\"><br>\u2022<\/span><span style=\"background-color: transparent; font-size: 14px;\">&nbsp;<\/span><span style=\"background-color: transparent; font-size: 14px;\">Trabajaremos en la construcci\u00f3n de un mundo m\u00e1s seguro, resolutivo y amable, que nos&nbsp;<\/span><span style=\"background-color: transparent; font-size: 14px;\">permitir\u00e1 convivir en armon\u00eda con nuestra sociedad y nuestro entorno.<\/span><\/p><span lang=\"ES-CL\"><o:p><\/o:p><\/span>\n\n\n\n\n\n\n\n\n<h1><b>SO\u00d1AMOS UN MUNDO DONDE LAS PERSONAS SEPAN GESTIONAR Y RESOLVER PAC\u00cdFICA Y GENERATIVAMENTE LAS DIFERENCIAS Y CONFLICTOS DE INTER\u00c9S<br><\/b><b>ENTRE S\u00cd Y CON EL MEDIO AMBIENTE<\/b><\/h1>\n\n\n\n\n\n\n\nnuestra misi\u00f3n\n\n\n\n\n\n<p>En la familia , con los ni\u00f1os,&nbsp;<span style=\"font-size: inherit; font-style: inherit; font-variant-ligatures: inherit; font-variant-caps: inherit; font-weight: inherit;\">en la pareja, con los adultos mayores, con nuestros semejantes, con la comunidad&nbsp;<br><\/span><span style=\"font-size: inherit; font-style: inherit; font-variant-ligatures: inherit; font-variant-caps: inherit; font-weight: inherit;\">y con el medio ambiente.<\/span><\/p>\n\n\n\n\n<p><span>A canalizar colaboraci\u00f3n y voluntariado en pos de un mundo mejor sin nadie al margen de la cultura, del acceso a la informaci\u00f3n, la comunicaci\u00f3n, la educaci\u00f3n o el trabajo. Q<\/span><span style=\"font-size: inherit; font-style: inherit; font-variant-ligatures: inherit; font-variant-caps: inherit; font-weight: inherit;\">ue nadie quede atr\u00e1s y que nadie quede solo.<\/span><span style=\"font-size: inherit; font-style: inherit; font-variant-ligatures: inherit; font-variant-caps: inherit; font-weight: inherit;\">.<\/span><\/p>\n\n\n\n\n<p style=\"text-align: center; font-size: 14px;\">El m\u00e1s pronto acceso libre y universal a energ\u00eda renovable y a conectividad mediante la colaboraci\u00f3n colectiva animada por un buen trato social verdadero y justo en un proceso que comience con una sonrisa y termine siempre con muchas m\u00e1s.<\/p>\n\n\n\n\n\n\n\n\n\nacciones por un buen trato detectadas&nbsp;<span style=\"font-style: inherit; font-variant-ligatures: inherit; font-variant-caps: inherit;\">por este observatorio<\/span>\n\n\n\n\n\n\n\n\r\n\t<div class=\"psac-post-carousel-wrp psac-slider-and-carousel psac-clearfix\">\r\n\t\t<div class=\"psac-post-carousel owl-carousel psac-design-1\" id=\"psac-carousel-1\" data-conf=\"{&quot;slide_show&quot;:3,&quot;slide_scroll&quot;:1,&quot;dots&quot;:true,&quot;arrows&quot;:true,&quot;autoplay&quot;:true,&quot;autoplay_interval&quot;:4000,&quot;speed&quot;:600,&quot;loop&quot;:true}\">\r\n\t\t\t<div class=\"psac-post-carousel-slide\">\r\n\t<div class=\"psac-post-image-bg\" style=\" background-image: url(&#039;https:\/\/observatorioporunbuentrato.cl\/wp-content\/uploads\/2022\/08\/OBSERVATORIO-POR-UN-BUEN-TRATO.jpg&#039;); \">\r\n\t<a href=\"https:\/\/observatorioporunbuentrato.cl\/?p=624\" class=\"psac-link-overlay\"><\/a>\r\n\t\t<div class=\"psac-post-carousel-content\">\r\n\t\t\r\n\t\t\t<h2 class=\"psac-post-title\">\r\n\t\t\t\t<a href=\"https:\/\/observatorioporunbuentrato.cl\/?p=624\">Bases Concurso Literario-Art\u00edstico \u201cCampa\u00f1a Por Un Buen Trato\u201d<\/a>\r\n\t\t\t<\/h2>\r\n\r\n\t\t\t\t\t\t\t<div class=\"psac-post-meta\">\r\n\t\t\t\t\t\t\t\t\t\t\t\t\t\t<\/div>\r\n\t\t\t\t\t<\/div>\r\n\t<\/div>\r\n\t\t\t<div class=\"psac-post-content\">\r\n\t\t\t<div class=\"psac-post-short-content\"><\/div>\r\n\t\t\t\t\t<\/div>\r\n\t<\/div><div class=\"psac-post-carousel-slide\">\r\n\t<div class=\"psac-post-image-bg\" style=\" background-image: url(&#039;https:\/\/observatorioporunbuentrato.cl\/wp-content\/uploads\/2022\/08\/IMG-20220813-WA0009.jpg_page-0001.jpg&#039;); \">\r\n\t<a href=\"https:\/\/observatorioporunbuentrato.cl\/?p=607\" class=\"psac-link-overlay\"><\/a>\r\n\t\t<div class=\"psac-post-carousel-content\">\r\n\t\t\r\n\t\t\t<h2 class=\"psac-post-title\">\r\n\t\t\t\t<a href=\"https:\/\/observatorioporunbuentrato.cl\/?p=607\">Observatorio Por Un Buen Trato iniciar\u00e1 talleres en Pichilemu y Marchig\u00fce<\/a>\r\n\t\t\t<\/h2>\r\n\r\n\t\t\t\t\t\t\t<div class=\"psac-post-meta\">\r\n\t\t\t\t\t\t\t\t\t\t\t\t\t\t<\/div>\r\n\t\t\t\t\t<\/div>\r\n\t<\/div>\r\n\t\t\t<div class=\"psac-post-content\">\r\n\t\t\t<div class=\"psac-post-short-content\">La promoci\u00f3n del buen trato llegar\u00e1 a Marchig\u00fce y Pichilemu a trav\u00e9s de seis talleres impartidos por la fundaci\u00f3n Observatorio...<\/div>\r\n\t\t\t\t\t<\/div>\r\n\t<\/div><div class=\"psac-post-carousel-slide\">\r\n\t<div class=\"psac-post-image-bg\" style=\" background-image: url(&#039;https:\/\/observatorioporunbuentrato.cl\/wp-content\/uploads\/2022\/02\/WhatsApp-Image-2022-02-08-at-20.50.33.jpeg&#039;); \">\r\n\t<a href=\"https:\/\/observatorioporunbuentrato.cl\/?p=600\" class=\"psac-link-overlay\"><\/a>\r\n\t\t<div class=\"psac-post-carousel-content\">\r\n\t\t\r\n\t\t\t<h2 class=\"psac-post-title\">\r\n\t\t\t\t<a href=\"https:\/\/observatorioporunbuentrato.cl\/?p=600\">Biog\u00e1s desde el hogar: El innovador proyecto que implement\u00f3 una comunidad Mapuche en Tir\u00faa<\/a>\r\n\t\t\t<\/h2>\r\n\r\n\t\t\t\t\t\t\t<div class=\"psac-post-meta\">\r\n\t\t\t\t\t\t\t\t\t\t\t\t\t\t<\/div>\r\n\t\t\t\t\t<\/div>\r\n\t<\/div>\r\n\t\t\t<div class=\"psac-post-content\">\r\n\t\t\t<div class=\"psac-post-short-content\">Con miras hacia el futuro y en busca de una forma de vida m\u00e1s sostenible con el medioambiente, el proyecto...<\/div>\r\n\t\t\t\t\t<\/div>\r\n\t<\/div><div class=\"psac-post-carousel-slide\">\r\n\t<div class=\"psac-post-image-bg\" style=\" background-image: url(&#039;https:\/\/observatorioporunbuentrato.cl\/wp-content\/uploads\/2022\/01\/pexels-yury-kim-585419-scaled.jpg&#039;); \">\r\n\t<a href=\"https:\/\/observatorioporunbuentrato.cl\/?p=596\" class=\"psac-link-overlay\"><\/a>\r\n\t\t<div class=\"psac-post-carousel-content\">\r\n\t\t\r\n\t\t\t<h2 class=\"psac-post-title\">\r\n\t\t\t\t<a href=\"https:\/\/observatorioporunbuentrato.cl\/?p=596\">Mejores salarios para Chile: Conoce el Desaf\u00edo 10X<\/a>\r\n\t\t\t<\/h2>\r\n\r\n\t\t\t\t\t\t\t<div class=\"psac-post-meta\">\r\n\t\t\t\t\t\t\t\t\t\t\t\t\t\t<\/div>\r\n\t\t\t\t\t<\/div>\r\n\t<\/div>\r\n\t\t\t<div class=\"psac-post-content\">\r\n\t\t\t<div class=\"psac-post-short-content\">Sueldo bruto m\u00ednimo de 22 UF y una renta m\u00e1xima que no supere 10 veces esta cifra es parte del...<\/div>\r\n\t\t\t\t\t<\/div>\r\n\t<\/div><div class=\"psac-post-carousel-slide\">\r\n\t<div class=\"psac-post-image-bg\" style=\" background-image: url(&#039;https:\/\/observatorioporunbuentrato.cl\/wp-content\/uploads\/2021\/09\/plebiscito-servel.jpg&#039;); \">\r\n\t<a href=\"https:\/\/observatorioporunbuentrato.cl\/?p=590\" class=\"psac-link-overlay\"><\/a>\r\n\t\t<div class=\"psac-post-carousel-content\">\r\n\t\t\r\n\t\t\t<h2 class=\"psac-post-title\">\r\n\t\t\t\t<a href=\"https:\/\/observatorioporunbuentrato.cl\/?p=590\">Un buen trato para el Chile del futuro<\/a>\r\n\t\t\t<\/h2>\r\n\r\n\t\t\t\t\t\t\t<div class=\"psac-post-meta\">\r\n\t\t\t\t\t\t\t\t\t\t\t\t\t\t<\/div>\r\n\t\t\t\t\t<\/div>\r\n\t<\/div>\r\n\t\t\t<div class=\"psac-post-content\">\r\n\t\t\t<div class=\"psac-post-short-content\">Si hubiese que describir en una palabra lo que signific\u00f3 el plebiscito de octubre2020, donde un 79% de los votantes...<\/div>\r\n\t\t\t\t\t<\/div>\r\n\t<\/div><div class=\"psac-post-carousel-slide\">\r\n\t<div class=\"psac-post-image-bg\" style=\" background-image: url(&#039;https:\/\/observatorioporunbuentrato.cl\/wp-content\/uploads\/2021\/07\/101298820_698172681007852_7122209366328999936_n.png&#039;); \">\r\n\t<a href=\"https:\/\/observatorioporunbuentrato.cl\/?p=582\" class=\"psac-link-overlay\"><\/a>\r\n\t\t<div class=\"psac-post-carousel-content\">\r\n\t\t\r\n\t\t\t<h2 class=\"psac-post-title\">\r\n\t\t\t\t<a href=\"https:\/\/observatorioporunbuentrato.cl\/?p=582\">Tremendas: M\u00e1s que un nombre, la cualidad del liderazgo<\/a>\r\n\t\t\t<\/h2>\r\n\r\n\t\t\t\t\t\t\t<div class=\"psac-post-meta\">\r\n\t\t\t\t\t\t\t\t\t\t\t\t\t\t<\/div>\r\n\t\t\t\t\t<\/div>\r\n\t<\/div>\r\n\t\t\t<div class=\"psac-post-content\">\r\n\t\t\t<div class=\"psac-post-short-content\">Tremendas es un colectivo femenino conformado por j\u00f3venes y adolescentes que han decidido trabajar por convertir sus espacios de interacci\u00f3n...<\/div>\r\n\t\t\t\t\t<\/div>\r\n\t<\/div><div class=\"psac-post-carousel-slide\">\r\n\t<div class=\"psac-post-image-bg\" style=\" background-image: url(&#039;https:\/\/observatorioporunbuentrato.cl\/wp-content\/uploads\/2021\/06\/Fundacion-Observatorio-Fiscal-Google-Chrome-11-06-2021-10_18_52-3.png&#039;); \">\r\n\t<a href=\"https:\/\/observatorioporunbuentrato.cl\/?p=579\" class=\"psac-link-overlay\"><\/a>\r\n\t\t<div class=\"psac-post-carousel-content\">\r\n\t\t\r\n\t\t\t<h2 class=\"psac-post-title\">\r\n\t\t\t\t<a href=\"https:\/\/observatorioporunbuentrato.cl\/?p=579\">\u00bfC\u00f3mo se utilizan los fondos de mi municipio y regi\u00f3n?<\/a>\r\n\t\t\t<\/h2>\r\n\r\n\t\t\t\t\t\t\t<div class=\"psac-post-meta\">\r\n\t\t\t\t\t\t\t\t\t\t\t\t\t\t<\/div>\r\n\t\t\t\t\t<\/div>\r\n\t<\/div>\r\n\t\t\t<div class=\"psac-post-content\">\r\n\t\t\t<div class=\"psac-post-short-content\">El buen trato tambi\u00e9n se refleja en administraciones efectivas para la poblaci\u00f3n. Actualmente existen diversas plataformas p\u00fablicas con las que...<\/div>\r\n\t\t\t\t\t<\/div>\r\n\t<\/div><div class=\"psac-post-carousel-slide\">\r\n\t<div class=\"psac-post-image-bg\" style=\" background-image: url(&#039;https:\/\/observatorioporunbuentrato.cl\/wp-content\/uploads\/2021\/06\/Universidad-Abierta-de-Recoleta-1024x683-1.jpg&#039;); \">\r\n\t<a href=\"https:\/\/observatorioporunbuentrato.cl\/?p=576\" class=\"psac-link-overlay\"><\/a>\r\n\t\t<div class=\"psac-post-carousel-content\">\r\n\t\t\r\n\t\t\t<h2 class=\"psac-post-title\">\r\n\t\t\t\t<a href=\"https:\/\/observatorioporunbuentrato.cl\/?p=576\">Pluriversidad: conoce los programas formativos que promueve la Universidad Abierta de Recoleta<\/a>\r\n\t\t\t<\/h2>\r\n\r\n\t\t\t\t\t\t\t<div class=\"psac-post-meta\">\r\n\t\t\t\t\t\t\t\t\t\t\t\t\t\t<\/div>\r\n\t\t\t\t\t<\/div>\r\n\t<\/div>\r\n\t\t\t<div class=\"psac-post-content\">\r\n\t\t\t<div class=\"psac-post-short-content\">Educaci\u00f3n popular, abierta y plural es lo que ofrecen los cursos de la Universidad Abierta de Recoleta (UAR), la primera...<\/div>\r\n\t\t\t\t\t<\/div>\r\n\t<\/div><div class=\"psac-post-carousel-slide\">\r\n\t<div class=\"psac-post-image-bg\" style=\" background-image: url(&#039;https:\/\/observatorioporunbuentrato.cl\/wp-content\/uploads\/2021\/05\/pexels-photo-1669605.jpeg&#039;); \">\r\n\t<a href=\"https:\/\/observatorioporunbuentrato.cl\/?p=570\" class=\"psac-link-overlay\"><\/a>\r\n\t\t<div class=\"psac-post-carousel-content\">\r\n\t\t\r\n\t\t\t<h2 class=\"psac-post-title\">\r\n\t\t\t\t<a href=\"https:\/\/observatorioporunbuentrato.cl\/?p=570\">Cuatro tipos de percepci\u00f3n<\/a>\r\n\t\t\t<\/h2>\r\n\r\n\t\t\t\t\t\t\t<div class=\"psac-post-meta\">\r\n\t\t\t\t\t\t\t\t\t\t\t\t\t\t<\/div>\r\n\t\t\t\t\t<\/div>\r\n\t<\/div>\r\n\t\t\t<div class=\"psac-post-content\">\r\n\t\t\t<div class=\"psac-post-short-content\">Columna por Magdalena Weinstein, especialista en trauma som\u00e1tico.<\/div>\r\n\t\t\t\t\t<\/div>\r\n\t<\/div><div class=\"psac-post-carousel-slide\">\r\n\t<div class=\"psac-post-image-bg\" style=\" background-image: url(&#039;https:\/\/observatorioporunbuentrato.cl\/wp-content\/uploads\/2021\/04\/f163258-1-h-1.jpeg&#039;); \">\r\n\t<a href=\"https:\/\/observatorioporunbuentrato.cl\/?p=559\" class=\"psac-link-overlay\"><\/a>\r\n\t\t<div class=\"psac-post-carousel-content\">\r\n\t\t\r\n\t\t\t<h2 class=\"psac-post-title\">\r\n\t\t\t\t<a href=\"https:\/\/observatorioporunbuentrato.cl\/?p=559\">Buen trato y salud mental en pandemia<\/a>\r\n\t\t\t<\/h2>\r\n\r\n\t\t\t\t\t\t\t<div class=\"psac-post-meta\">\r\n\t\t\t\t\t\t\t\t\t\t\t\t\t\t<\/div>\r\n\t\t\t\t\t<\/div>\r\n\t<\/div>\r\n\t\t\t<div class=\"psac-post-content\">\r\n\t\t\t<div class=\"psac-post-short-content\">Columna por Patricio Vilaplana Mucho se ha hablado sobre los devastadores efectos que la pandemia est\u00e1 provocando en nuestra salud...<\/div>\r\n\t\t\t\t\t<\/div>\r\n\t<\/div><div class=\"psac-post-carousel-slide\">\r\n\t<div class=\"psac-post-image-bg\" style=\" background-image: url(&#039;https:\/\/observatorioporunbuentrato.cl\/wp-content\/uploads\/2021\/01\/jesuita.jpg&#039;); \">\r\n\t<a href=\"https:\/\/observatorioporunbuentrato.cl\/?p=512\" class=\"psac-link-overlay\"><\/a>\r\n\t\t<div class=\"psac-post-carousel-content\">\r\n\t\t\r\n\t\t\t<h2 class=\"psac-post-title\">\r\n\t\t\t\t<a href=\"https:\/\/observatorioporunbuentrato.cl\/?p=512\">Servicio Jesuita a Migrantes y su apoyo a la comunidad extranjera<\/a>\r\n\t\t\t<\/h2>\r\n\r\n\t\t\t\t\t\t\t<div class=\"psac-post-meta\">\r\n\t\t\t\t\t\t\t\t\t\t\t\t\t\t<\/div>\r\n\t\t\t\t\t<\/div>\r\n\t<\/div>\r\n\t\t\t<div class=\"psac-post-content\">\r\n\t\t\t<div class=\"psac-post-short-content\">El Servicio Jesuita a Migrantes (SJM) es una entidad que se ha comprometido desde el 2008 con la promoci\u00f3n y...<\/div>\r\n\t\t\t\t\t<\/div>\r\n\t<\/div><div class=\"psac-post-carousel-slide\">\r\n\t<div class=\"psac-post-image-bg\" style=\" background-image: url(&#039;https:\/\/observatorioporunbuentrato.cl\/wp-content\/uploads\/2021\/01\/punta.jpg&#039;); \">\r\n\t<a href=\"https:\/\/observatorioporunbuentrato.cl\/?p=507\" class=\"psac-link-overlay\"><\/a>\r\n\t\t<div class=\"psac-post-carousel-content\">\r\n\t\t\r\n\t\t\t<h2 class=\"psac-post-title\">\r\n\t\t\t\t<a href=\"https:\/\/observatorioporunbuentrato.cl\/?p=507\">Guardianes de Punta de Lobos<\/a>\r\n\t\t\t<\/h2>\r\n\r\n\t\t\t\t\t\t\t<div class=\"psac-post-meta\">\r\n\t\t\t\t\t\t\t\t\t\t\t\t\t\t<\/div>\r\n\t\t\t\t\t<\/div>\r\n\t<\/div>\r\n\t\t\t<div class=\"psac-post-content\">\r\n\t\t\t<div class=\"psac-post-short-content\">El Parque Punta de Lobos naci\u00f3 a partir de un proyecto de conservaci\u00f3n que trat\u00f3 de evitar la amenaza de...<\/div>\r\n\t\t\t\t\t<\/div>\r\n\t<\/div><div class=\"psac-post-carousel-slide\">\r\n\t<div class=\"psac-post-image-bg\" style=\" background-image: url(&#039;https:\/\/observatorioporunbuentrato.cl\/wp-content\/uploads\/2021\/01\/conduccion.jpg&#039;); \">\r\n\t<a href=\"https:\/\/observatorioporunbuentrato.cl\/?p=502\" class=\"psac-link-overlay\"><\/a>\r\n\t\t<div class=\"psac-post-carousel-content\">\r\n\t\t\r\n\t\t\t<h2 class=\"psac-post-title\">\r\n\t\t\t\t<a href=\"https:\/\/observatorioporunbuentrato.cl\/?p=502\">Conducci\u00f3n eficiente, mejora tu forma de traslado<\/a>\r\n\t\t\t<\/h2>\r\n\r\n\t\t\t\t\t\t\t<div class=\"psac-post-meta\">\r\n\t\t\t\t\t\t\t\t\t\t\t\t\t\t<\/div>\r\n\t\t\t\t\t<\/div>\r\n\t<\/div>\r\n\t\t\t<div class=\"psac-post-content\">\r\n\t\t\t<div class=\"psac-post-short-content\">La Agencia Chilena de Eficiencia Energ\u00e9tica (AChE) ha impulsado una nueva campa\u00f1a para disminuir el consumo de energ\u00eda y combustibles:...<\/div>\r\n\t\t\t\t\t<\/div>\r\n\t<\/div><div class=\"psac-post-carousel-slide\">\r\n\t<div class=\"psac-post-image-bg\" style=\" background-image: url(&#039;https:\/\/observatorioporunbuentrato.cl\/wp-content\/uploads\/2021\/01\/migrapp.png&#039;); \">\r\n\t<a href=\"https:\/\/observatorioporunbuentrato.cl\/?p=497\" class=\"psac-link-overlay\"><\/a>\r\n\t\t<div class=\"psac-post-carousel-content\">\r\n\t\t\r\n\t\t\t<h2 class=\"psac-post-title\">\r\n\t\t\t\t<a href=\"https:\/\/observatorioporunbuentrato.cl\/?p=497\">Migrapp: el sitio que presta apoyo a los refugiados migrantes<\/a>\r\n\t\t\t<\/h2>\r\n\r\n\t\t\t\t\t\t\t<div class=\"psac-post-meta\">\r\n\t\t\t\t\t\t\t\t\t\t\t\t\t\t<\/div>\r\n\t\t\t\t\t<\/div>\r\n\t<\/div>\r\n\t\t\t<div class=\"psac-post-content\">\r\n\t\t\t<div class=\"psac-post-short-content\">Migrapp es una plataforma web que ha sido gestionada por el Servicio Jesuita a Migrantes (SJM) con el fin de...<\/div>\r\n\t\t\t\t\t<\/div>\r\n\t<\/div><div class=\"psac-post-carousel-slide\">\r\n\t<div class=\"psac-post-image-bg\" style=\" background-image: url(&#039;https:\/\/observatorioporunbuentrato.cl\/wp-content\/uploads\/2021\/01\/se.jpg&#039;); \">\r\n\t<a href=\"https:\/\/observatorioporunbuentrato.cl\/?p=492\" class=\"psac-link-overlay\"><\/a>\r\n\t\t<div class=\"psac-post-carousel-content\">\r\n\t\t\r\n\t\t\t<h2 class=\"psac-post-title\">\r\n\t\t\t\t<a href=\"https:\/\/observatorioporunbuentrato.cl\/?p=492\">Eficiencia energ\u00e9tica: los programas educativos que han llegado a lo m\u00e1s extremo de Chile<\/a>\r\n\t\t\t<\/h2>\r\n\r\n\t\t\t\t\t\t\t<div class=\"psac-post-meta\">\r\n\t\t\t\t\t\t\t\t\t\t\t\t\t\t<\/div>\r\n\t\t\t\t\t<\/div>\r\n\t<\/div>\r\n\t\t\t<div class=\"psac-post-content\">\r\n\t\t\t<div class=\"psac-post-short-content\">Con el fin de llevar material educativo a las comunidades escolares m\u00e1s australes, la Agencia de Sostenibilidad Energ\u00e9tica (SE) ha...<\/div>\r\n\t\t\t\t\t<\/div>\r\n\t<\/div><div class=\"psac-post-carousel-slide\">\r\n\t<div class=\"psac-post-image-bg\" style=\" background-image: url(&#039;https:\/\/observatorioporunbuentrato.cl\/wp-content\/uploads\/2021\/01\/humedales.jpg&#039;); \">\r\n\t<a href=\"https:\/\/observatorioporunbuentrato.cl\/?p=479\" class=\"psac-link-overlay\"><\/a>\r\n\t\t<div class=\"psac-post-carousel-content\">\r\n\t\t\r\n\t\t\t<h2 class=\"psac-post-title\">\r\n\t\t\t\t<a href=\"https:\/\/observatorioporunbuentrato.cl\/?p=479\">Protegiendo el ecosistema de los humedales<\/a>\r\n\t\t\t<\/h2>\r\n\r\n\t\t\t\t\t\t\t<div class=\"psac-post-meta\">\r\n\t\t\t\t\t\t\t\t\t\t\t\t\t\t<\/div>\r\n\t\t\t\t\t<\/div>\r\n\t<\/div>\r\n\t\t\t<div class=\"psac-post-content\">\r\n\t\t\t<div class=\"psac-post-short-content\">En Chile, existen cerca de 18 mil humedales a lo largo del territorio, concentrando el 1,9% de la superficie nacional...<\/div>\r\n\t\t\t\t\t<\/div>\r\n\t<\/div><div class=\"psac-post-carousel-slide\">\r\n\t<div class=\"psac-post-image-bg\" style=\" background-image: url(&#039;https:\/\/observatorioporunbuentrato.cl\/wp-content\/uploads\/2020\/12\/zerowaste.jpeg&#039;); \">\r\n\t<a href=\"https:\/\/observatorioporunbuentrato.cl\/?p=423\" class=\"psac-link-overlay\"><\/a>\r\n\t\t<div class=\"psac-post-carousel-content\">\r\n\t\t\r\n\t\t\t<h2 class=\"psac-post-title\">\r\n\t\t\t\t<a href=\"https:\/\/observatorioporunbuentrato.cl\/?p=423\">Vanguardia en sustentabilidad: Puerto Natales tiene su primer almac\u00e9n zero waste<\/a>\r\n\t\t\t<\/h2>\r\n\r\n\t\t\t\t\t\t\t<div class=\"psac-post-meta\">\r\n\t\t\t\t\t\t\t\t\t\t\t\t\t\t<\/div>\r\n\t\t\t\t\t<\/div>\r\n\t<\/div>\r\n\t\t\t<div class=\"psac-post-content\">\r\n\t\t\t<div class=\"psac-post-short-content\">Hace unos a\u00f1os, el concepto de mercados zero waste s\u00f3lo pod\u00eda vislumbrarse en pa\u00edses desarrollados de otros continentes. Sin embargo,...<\/div>\r\n\t\t\t\t\t<\/div>\r\n\t<\/div><div class=\"psac-post-carousel-slide\">\r\n\t<div class=\"psac-post-image-bg\" style=\" background-image: url(&#039;https:\/\/observatorioporunbuentrato.cl\/wp-content\/uploads\/2020\/12\/sister.jpeg&#039;); \">\r\n\t<a href=\"https:\/\/observatorioporunbuentrato.cl\/?p=411\" class=\"psac-link-overlay\"><\/a>\r\n\t\t<div class=\"psac-post-carousel-content\">\r\n\t\t\r\n\t\t\t<h2 class=\"psac-post-title\">\r\n\t\t\t\t<a href=\"https:\/\/observatorioporunbuentrato.cl\/?p=411\">Sister, la aplicaci\u00f3n que te protege.<\/a>\r\n\t\t\t<\/h2>\r\n\r\n\t\t\t\t\t\t\t<div class=\"psac-post-meta\">\r\n\t\t\t\t\t\t\t\t\t\t\t\t\t\t<\/div>\r\n\t\t\t\t\t<\/div>\r\n\t<\/div>\r\n\t\t\t<div class=\"psac-post-content\">\r\n\t\t\t<div class=\"psac-post-short-content\">El acoso callejero no da tregua. El estudio Radiograf\u00eda de Acoso Sexual en Chile apunta que el 86,4% de las...<\/div>\r\n\t\t\t\t\t<\/div>\r\n\t<\/div><div class=\"psac-post-carousel-slide\">\r\n\t<div class=\"psac-post-image-bg\" style=\" background-image: url(&#039;https:\/\/observatorioporunbuentrato.cl\/wp-content\/uploads\/2020\/12\/biogas.jpg&#039;); \">\r\n\t<a href=\"https:\/\/observatorioporunbuentrato.cl\/?p=405\" class=\"psac-link-overlay\"><\/a>\r\n\t\t<div class=\"psac-post-carousel-content\">\r\n\t\t\r\n\t\t\t<h2 class=\"psac-post-title\">\r\n\t\t\t\t<a href=\"https:\/\/observatorioporunbuentrato.cl\/?p=405\">Biog\u00e1s, producci\u00f3n sustentable para el hogar<\/a>\r\n\t\t\t<\/h2>\r\n\r\n\t\t\t\t\t\t\t<div class=\"psac-post-meta\">\r\n\t\t\t\t\t\t\t\t\t\t\t\t\t\t<\/div>\r\n\t\t\t\t\t<\/div>\r\n\t<\/div>\r\n\t\t\t<div class=\"psac-post-content\">\r\n\t\t\t<div class=\"psac-post-short-content\">Transformar desechos en energ\u00eda. Ese es el lema de Ideas M\u00e1s Sustentables, una organizaci\u00f3n que promueve diversas t\u00e9cnicas para aprovechar...<\/div>\r\n\t\t\t\t\t<\/div>\r\n\t<\/div><div class=\"psac-post-carousel-slide\">\r\n\t<div class=\"psac-post-image-bg\" style=\" background-image: url(&#039;https:\/\/observatorioporunbuentrato.cl\/wp-content\/uploads\/2020\/12\/aguas.jpg&#039;); \">\r\n\t<a href=\"https:\/\/observatorioporunbuentrato.cl\/?p=399\" class=\"psac-link-overlay\"><\/a>\r\n\t\t<div class=\"psac-post-carousel-content\">\r\n\t\t\r\n\t\t\t<h2 class=\"psac-post-title\">\r\n\t\t\t\t<a href=\"https:\/\/observatorioporunbuentrato.cl\/?p=399\">El cuidado de las aguas<\/a>\r\n\t\t\t<\/h2>\r\n\r\n\t\t\t\t\t\t\t<div class=\"psac-post-meta\">\r\n\t\t\t\t\t\t\t\t\t\t\t\t\t\t<\/div>\r\n\t\t\t\t\t<\/div>\r\n\t<\/div>\r\n\t\t\t<div class=\"psac-post-content\">\r\n\t\t\t<div class=\"psac-post-short-content\">Uno de los principales factores contaminantes para nuestras aguas es el desecho de aceite de cocina a trav\u00e9s de las...<\/div>\r\n\t\t\t\t\t<\/div>\r\n\t<\/div>\t\t<\/div>\r\n\t<\/div>\r\n\r\n\t\n\n\n\n\n<p style=\"\"><span style=\"background-color: transparent; font-size: 14px;\">Si quieres sumarte y saber c\u00f3mo puedes participar, como colaborador o voluntario del observatorio por un buen trato, puedes <a href=\"https:\/\/observatorioporunbuentrato.cl\/?page_id=147\">ver aqu\u00ed<\/a> las opciones que podemos ofrecerte<\/span><span style=\"font-size: 14px; background-color: transparent;\">.<\/span><\/p>\n\n\n<p style=\"\"><span style=\"font-size: 14px;\">Revisa el listado de n\u00fameros de emergencia para denunciar cualquier hecho delictivo o&nbsp;<\/span><span style=\"font-size: 14px; background-color: transparent;\">de violencia.<br><br><\/span><\/p>\n\n\n\n<p style=\"\"><span style=\"font-size: 14px;\">Aqu\u00ed encontrar\u00e1 material y referencias sobre qu\u00e9 hacer y c\u00f3mo prevenir el maltrato adem\u00e1s de algunos n\u00fameros telef\u00f3nicos de mesas de ayuda, de instituciones p\u00fablicas y privadas.<\/span><\/p>\n\n\n\n","protected":false},"excerpt":{"rendered":"","protected":false},"author":1,"featured_media":0,"parent":0,"menu_order":0,"comment_status":"closed","ping_status":"closed","template":"","meta":{"footnotes":""},"class_list":["post-179","page","type-page","status-publish","hentry"],"_links":{"self":[{"href":"https:\/\/observatorioporunbuentrato.cl\/index.php?rest_route=\/wp\/v2\/pages\/179","targetHints":{"allow":["GET"]}}],"collection":[{"href":"https:\/\/observatorioporunbuentrato.cl\/index.php?rest_route=\/wp\/v2\/pages"}],"about":[{"href":"https:\/\/observatorioporunbuentrato.cl\/index.php?rest_route=\/wp\/v2\/types\/page"}],"author":[{"embeddable":true,"href":"https:\/\/observatorioporunbuentrato.cl\/index.php?rest_route=\/wp\/v2\/users\/1"}],"replies":[{"embeddable":true,"href":"https:\/\/observatorioporunbuentrato.cl\/index.php?rest_route=%2Fwp%2Fv2%2Fcomments&post=179"}],"version-history":[{"count":56,"href":"https:\/\/observatorioporunbuentrato.cl\/index.php?rest_route=\/wp\/v2\/pages\/179\/revisions"}],"predecessor-version":[{"id":639,"href":"https:\/\/observatorioporunbuentrato.cl\/index.php?rest_route=\/wp\/v2\/pages\/179\/revisions\/639"}],"wp:attachment":[{"href":"https:\/\/observatorioporunbuentrato.cl\/index.php?rest_route=%2Fwp%2Fv2%2Fmedia&parent=179"}],"curies":[{"name":"wp","href":"https:\/\/api.w.org\/{rel}","templated":true}]}}