{"id":147,"date":"2020-11-26T06:00:15","date_gmt":"2020-11-26T09:00:15","guid":{"rendered":"http:\/\/observatorioporunbuentrato.cl\/wp\/?page_id=147"},"modified":"2024-11-19T14:24:36","modified_gmt":"2024-11-19T17:24:36","slug":"invitacion","status":"publish","type":"page","link":"https:\/\/observatorioporunbuentrato.cl\/?page_id=147","title":{"rendered":"Voluntariado"},"content":{"rendered":"\n\nvoluntariado\n\n\n\n\n\n\n<p style=\"text-align: justify;\">El Observatorio por un Buen Trato es una fundaci\u00f3n sin fines de lucro&nbsp;<span style=\"font-size: inherit; font-style: inherit; font-variant-ligatures: inherit; font-variant-caps: inherit; font-weight: inherit;\">abierta al ciudadano y ciudadana informados, y dispuestos a asumir su&nbsp;<\/span><span style=\"font-size: inherit; font-style: inherit; font-variant-ligatures: inherit; font-variant-caps: inherit; font-weight: inherit;\">responsabilidad, participando, y expresando su opini\u00f3n o desarrollando&nbsp;<\/span><span style=\"font-size: inherit; font-style: inherit; font-variant-ligatures: inherit; font-variant-caps: inherit; font-weight: inherit;\">acciones por un buen trato entre las personas y con el medio ambiente&nbsp;<\/span><span style=\"font-size: inherit; font-style: inherit; font-variant-ligatures: inherit; font-variant-caps: inherit; font-weight: inherit;\">desde una visi\u00f3n sist\u00e9mica. El Todo, en el que habitamos y existimos, es&nbsp;<\/span><span style=\"font-size: inherit; font-style: inherit; font-variant-ligatures: inherit; font-variant-caps: inherit; font-weight: inherit;\">din\u00e1mico, interrelacionado e interdependiente, y cada uno de nosotros&nbsp;<\/span><span style=\"font-size: inherit; font-style: inherit; font-variant-ligatures: inherit; font-variant-caps: inherit; font-weight: inherit;\">afecta el Todo. Todo suma. Siempre. Nadie sobra.&nbsp;<\/span><span style=\"font-size: inherit; font-style: inherit; font-variant-ligatures: inherit; font-variant-caps: inherit; font-weight: inherit;\">El ser humano, no puede desentenderse de los factores ambientales de&nbsp;<\/span><span style=\"font-size: inherit; font-style: inherit; font-variant-ligatures: inherit; font-variant-caps: inherit; font-weight: inherit;\">todo tipo que afectan positiva o negativamente a las personas, ni puede&nbsp;<\/span><span style=\"font-size: inherit; font-style: inherit; font-variant-ligatures: inherit; font-variant-caps: inherit; font-weight: inherit;\">pasar por alto, que las personas tambi\u00e9n afectan positiva o&nbsp;<\/span><span style=\"font-size: inherit; font-style: inherit; font-variant-ligatures: inherit; font-variant-caps: inherit; font-weight: inherit;\">negativamente a todas las dimensiones de su entorno.<\/span><\/p><p style=\"text-align: justify;\"><br><\/p>\n\n\n\n\n\n<p style=\"text-align: center;\">Si quieres sumarte y saber c\u00f3mo puedes participar, como colaborador o voluntario del observatorio por un buen trato,<br><span style=\"font-size: inherit; font-style: inherit; font-variant-ligatures: inherit; font-variant-caps: inherit; font-weight: inherit;\">puedes ver a aqu\u00ed las opciones que podemos ofrecerte.<\/span><\/p>\n\n\n\n\n<p>Tipos de colaboradores y voluntarios.<br><br><\/p><p>Voluntariado para el Observatorio por un Buen Trato.<\/p><p><b>Para colaborar con el observatorio y sus fines hemos establecido distintos \u00e1mbitos de colaboraci\u00f3n y voluntariado.<\/b><\/p><br>\n\n\n\n\n<p style=\"text-align: justify; \">1. Voluntario por un buen trato: Para ser voluntario del Observatorio por un buen trato, para comenzar, puedes hacer el compromiso que establece: <a href=\"https:\/\/observatorioporunbuentrato.cl\/?page_id=526\">La Declaraci\u00f3n del Voluntario Por un Buen Trato.<\/a><\/p>\n<p style=\"text-align: justify; \">2. Colaborador de contenidos: Si gestionas o produces contenidos por un buen trato en cualquier formato y te parece buena idea, difundirlos a trav\u00e9s de nuestro observatorio, puedes contactarnos aqu\u00ed para que nuestro equipo editorial realice una evaluaci\u00f3n de admisibilidad y factibilidad, seg\u00fan los fines del observatorio, y luego, proceda a contactarte, para comenzar a vincular tus contenidos. (queremos organizar un concurso de canciones, poes\u00eda y cuento, v\u00eddeo clips originales, y contenidos en formatos digitales, que promocionen el buen trato, para estimular la creaci\u00f3n y la atenci\u00f3n por un buen trato, que esperamos poder anunciar durante el 2021).<\/p>\n<p style=\"text-align: justify; \">3. Voluntario activo por una causa. Si deseas sumarte o sumar alguna l\u00ednea de trabajo de especial inter\u00e9s para el observatorio por un buen trato, tambi\u00e9n por favor ponte en contacto con nosotros.<\/p>\n<p style=\"text-align: justify; \">4.&nbsp;<span style=\"font-family: Arial, sans-serif; font-size: 12pt; font-style: inherit; font-variant-ligatures: inherit; font-variant-caps: inherit; font-weight: inherit; text-align: center;\">Contribuci\u00f3n econ\u00f3mica voluntaria. Si deseas colaborar\ncon el Observatorio Por Un Buen Trato, mediante una contribuci\u00f3n econ\u00f3mica\nvoluntaria o una donaci\u00f3n, puedes ponerte en contacto con nosotros. O esperar a\nhacerlo cuando habilitemos un lugar en el sitio web.<\/span><\/p><p class=\"MsoNormal\" style=\"margin-bottom: 0.0001pt; line-height: normal; background-image: initial; background-position: initial; background-size: initial; background-repeat: initial; background-attachment: initial; background-origin: initial; background-clip: initial;\"><span lang=\"ES-CL\" style=\"font-size: 12pt; font-family: Arial, sans-serif;\"><o:p><\/o:p><\/span><\/p>\n<p style=\"text-align: justify; \">5. Regalos emblem\u00e1ticos. Si deseas colaborar con el observatorio por un buen trato, pronto podr\u00e1s adquirir algunos de nuestros regalos emblem\u00e1ticos para la promoci\u00f3n del buen trato, que ofreceremos en nuestra galer\u00eda. con ello estar\u00e1s colaborando tambi\u00e9n con la difusi\u00f3n del buen trato en tu entorno.<\/p>\n<p style=\"text-align: justify; \">6. Manufactura Local. Si quieres ser proveedor de la galer\u00eda del observatorio para obsequios que promocionen un buen trato, ponte en contacto con nosotros aqu\u00ed y comp\u00e1rtenos un v\u00ednculo donde podamos ver lo que podr\u00edas hacer.<\/p>\n\n\n\n\n\n\n\n","protected":false},"excerpt":{"rendered":"","protected":false},"author":2,"featured_media":0,"parent":0,"menu_order":0,"comment_status":"closed","ping_status":"closed","template":"","meta":{"footnotes":""},"class_list":["post-147","page","type-page","status-publish","hentry"],"_links":{"self":[{"href":"https:\/\/observatorioporunbuentrato.cl\/index.php?rest_route=\/wp\/v2\/pages\/147","targetHints":{"allow":["GET"]}}],"collection":[{"href":"https:\/\/observatorioporunbuentrato.cl\/index.php?rest_route=\/wp\/v2\/pages"}],"about":[{"href":"https:\/\/observatorioporunbuentrato.cl\/index.php?rest_route=\/wp\/v2\/types\/page"}],"author":[{"embeddable":true,"href":"https:\/\/observatorioporunbuentrato.cl\/index.php?rest_route=\/wp\/v2\/users\/2"}],"replies":[{"embeddable":true,"href":"https:\/\/observatorioporunbuentrato.cl\/index.php?rest_route=%2Fwp%2Fv2%2Fcomments&post=147"}],"version-history":[{"count":18,"href":"https:\/\/observatorioporunbuentrato.cl\/index.php?rest_route=\/wp\/v2\/pages\/147\/revisions"}],"predecessor-version":[{"id":546,"href":"https:\/\/observatorioporunbuentrato.cl\/index.php?rest_route=\/wp\/v2\/pages\/147\/revisions\/546"}],"wp:attachment":[{"href":"https:\/\/observatorioporunbuentrato.cl\/index.php?rest_route=%2Fwp%2Fv2%2Fmedia&parent=147"}],"curies":[{"name":"wp","href":"https:\/\/api.w.org\/{rel}","templated":true}]}}