{"id":137,"date":"2020-11-26T05:14:29","date_gmt":"2020-11-26T05:14:29","guid":{"rendered":"http:\/\/observatorioporunbuentrato.cl\/wp\/?page_id=137"},"modified":"2021-01-22T01:08:56","modified_gmt":"2021-01-22T04:08:56","slug":"fundacion","status":"publish","type":"page","link":"https:\/\/observatorioporunbuentrato.cl\/?page_id=137","title":{"rendered":"Fundaci\u00f3n"},"content":{"rendered":"\n\n<p>sobre la fundaci\u00f3n<\/p>\n\n\n\n\n\n\n<p>Sobre la fundaci\u00f3n<\/p>\n\n<p style=\"text-align: justify;\"><font color=\"#595959\" face=\"Arial, Helvetica, sans-serif\">El buen trato es, una conducta respetuosa, pac\u00edfica, justa, amable y&nbsp;<\/font><span style=\"color: rgb(89, 89, 89); font-family: Arial, Helvetica, sans-serif; font-size: inherit; font-style: inherit; font-variant-ligatures: inherit; font-variant-caps: inherit; font-weight: inherit;\">solidaria con los dem\u00e1s y el entorno, con respecto a sus derechos,&nbsp;<\/span><span style=\"color: rgb(89, 89, 89); font-family: Arial, Helvetica, sans-serif; font-size: inherit; font-style: inherit; font-variant-ligatures: inherit; font-variant-caps: inherit; font-weight: inherit;\">dignidad, libertad, reciprocidad e interdependencia con todos. El buen&nbsp;<\/span><span style=\"color: rgb(89, 89, 89); font-family: Arial, Helvetica, sans-serif; font-size: inherit; font-style: inherit; font-variant-ligatures: inherit; font-variant-caps: inherit; font-weight: inherit;\">trato puede ser observable y medible, en; las interrelaciones humanas&nbsp;<\/span><span style=\"color: rgb(89, 89, 89); font-family: Arial, Helvetica, sans-serif; font-size: inherit; font-style: inherit; font-variant-ligatures: inherit; font-variant-caps: inherit; font-weight: inherit;\">individuales,&nbsp; sociales y colectivas, en los estilos de relaci\u00f3n y de&nbsp;<\/span><span style=\"color: rgb(89, 89, 89); font-family: Arial, Helvetica, sans-serif; font-size: inherit; font-style: inherit; font-variant-ligatures: inherit; font-variant-caps: inherit; font-weight: inherit;\">comunicaci\u00f3n, como tambi\u00e9n en su acepci\u00f3n mercantil. Un buen trato es&nbsp;<\/span><span style=\"color: rgb(89, 89, 89); font-family: Arial, Helvetica, sans-serif; font-size: inherit; font-style: inherit; font-variant-ligatures: inherit; font-variant-caps: inherit; font-weight: inherit;\">aquel que deja por igual de satisfechas y contentas a las partes y&nbsp;<\/span><span style=\"color: rgb(89, 89, 89); font-family: Arial, Helvetica, sans-serif; font-size: inherit; font-style: inherit; font-variant-ligatures: inherit; font-variant-caps: inherit; font-weight: inherit;\">part\u00edcipes directos e indirectos.<\/span><\/p>\n<p style=\"text-align: justify;\"><font color=\"#595959\" face=\"Arial, Helvetica, sans-serif\">El objeto de la Fundaci\u00f3n OBSERVATORIO POR UN BUEN TRATO, es; el&nbsp;<\/font><span style=\"color: rgb(89, 89, 89); font-family: Arial, Helvetica, sans-serif; font-size: inherit; font-style: inherit; font-variant-ligatures: inherit; font-variant-caps: inherit; font-weight: inherit;\">estudio, la investigaci\u00f3n, difusi\u00f3n, promoci\u00f3n, prevenci\u00f3n,&nbsp;<\/span><span style=\"color: rgb(89, 89, 89); font-family: Arial, Helvetica, sans-serif; font-size: inherit; font-style: inherit; font-variant-ligatures: inherit; font-variant-caps: inherit; font-weight: inherit;\">capacitaci\u00f3n, y canalizaci\u00f3n de voluntariado, para; proporcionar&nbsp;<\/span><span style=\"color: rgb(89, 89, 89); font-family: Arial, Helvetica, sans-serif; font-size: inherit; font-style: inherit; font-variant-ligatures: inherit; font-variant-caps: inherit; font-weight: inherit;\">asistencia, asesoramiento y apoyo a personas, familias, empresas,&nbsp;<\/span><span style=\"color: rgb(89, 89, 89); font-family: Arial, Helvetica, sans-serif; font-size: inherit; font-style: inherit; font-variant-ligatures: inherit; font-variant-caps: inherit; font-weight: inherit;\">organizaciones, instituciones p\u00fablicas y privadas, y en general; asistir&nbsp;<\/span><span style=\"color: rgb(89, 89, 89); font-family: Arial, Helvetica, sans-serif; font-size: inherit; font-style: inherit; font-variant-ligatures: inherit; font-variant-caps: inherit; font-weight: inherit;\">y proporcionar apoyo a la comunidad, como tal, en el buen trato como&nbsp;<\/span><span style=\"color: rgb(89, 89, 89); font-family: Arial, Helvetica, sans-serif; font-size: inherit; font-style: inherit; font-variant-ligatures: inherit; font-variant-caps: inherit; font-weight: inherit;\">factor clave para el sano crecimiento y desarrollo de todos.<\/span><\/p>\n<p style=\"text-align: justify;\"><span style=\"color: rgb(89, 89, 89); font-family: Arial, Helvetica, sans-serif;\">Por ello son materia de inter\u00e9s especial, pero no exhaustivo, para esta&nbsp;<\/span><span style=\"color: rgb(89, 89, 89); font-family: Arial, Helvetica, sans-serif; font-size: inherit; font-style: inherit; font-variant-ligatures: inherit; font-variant-caps: inherit; font-weight: inherit;\">fundaci\u00f3n; la calidad de vida, el bienestar f\u00edsico y psicol\u00f3gico, la&nbsp;<\/span><span style=\"color: rgb(89, 89, 89); font-family: Arial, Helvetica, sans-serif; font-size: inherit; font-style: inherit; font-variant-ligatures: inherit; font-variant-caps: inherit; font-weight: inherit;\">calidad de las relaciones de pareja, de g\u00e9nero y de las relaciones&nbsp;<\/span><span style=\"color: rgb(89, 89, 89); font-family: Arial, Helvetica, sans-serif; font-size: inherit; font-style: inherit; font-variant-ligatures: inherit; font-variant-caps: inherit; font-weight: inherit;\">familiares y sociales, la resoluci\u00f3n pac\u00edfica, y alternativa a la&nbsp;<\/span><span style=\"color: rgb(89, 89, 89); font-family: Arial, Helvetica, sans-serif; font-size: inherit; font-style: inherit; font-variant-ligatures: inherit; font-variant-caps: inherit; font-weight: inherit;\">violencia, de los conflictos, el voluntariado, la participaci\u00f3n&nbsp;<\/span><span style=\"color: rgb(89, 89, 89); font-family: Arial, Helvetica, sans-serif; font-size: inherit; font-style: inherit; font-variant-ligatures: inherit; font-variant-caps: inherit; font-weight: inherit;\">ciudadana, y el medio ambiente.<\/span><\/p>\n<p style=\"text-align: justify;\"><span lang=\"ES-CL\" style=\"font-size: 12pt; line-height: 107%; font-family: Arial, sans-serif; color: rgb(34, 34, 34); background-image: initial; background-position: initial; background-size: initial; background-repeat: initial; background-attachment: initial; background-origin: initial; background-clip: initial;\">Aquella que participa para resolver o gestionar\npositivamente un&nbsp;<\/span><span lang=\"ES-CL\" style=\"font-size:12.0pt;line-height:\n107%;font-family:&quot;Arial&quot;,sans-serif;mso-fareast-font-family:&quot;Times New Roman&quot;;\ncolor:#222222;mso-ansi-language:ES-CL;mso-fareast-language:EN-US;mso-bidi-language:\nAR-SA\"><span style=\"background-image: initial; background-position: initial; background-size: initial; background-repeat: initial; background-attachment: initial; background-origin: initial; background-clip: initial;\">conflicto de necesidades e intereses entre\npartes, promoviendo y&nbsp;<\/span><span style=\"background-image: initial; background-position: initial; background-size: initial; background-repeat: initial; background-attachment: initial; background-origin: initial; background-clip: initial;\">facilitando una soluci\u00f3n pac\u00edfica y generativa\nde bienestar para las&nbsp;<\/span><span style=\"background-image: initial; background-position: initial; background-size: initial; background-repeat: initial; background-attachment: initial; background-origin: initial; background-clip: initial;\">partes y su entorno. originado en la voluntad de\nalcanzar acuerdos&nbsp;<\/span><span style=\"background-image: initial; background-position: initial; background-size: initial; background-repeat: initial; background-attachment: initial; background-origin: initial; background-clip: initial;\">provechosos para todos. Asumiendo el conflicto y\nla crisis como&nbsp;<\/span><span style=\"background-image: initial; background-position: initial; background-size: initial; background-repeat: initial; background-attachment: initial; background-origin: initial; background-clip: initial;\">oportunidad.<\/span><\/span><\/p>\n\n\n\n","protected":false},"excerpt":{"rendered":"","protected":false},"author":2,"featured_media":0,"parent":0,"menu_order":0,"comment_status":"closed","ping_status":"closed","template":"","meta":{"footnotes":""},"class_list":["post-137","page","type-page","status-publish","hentry"],"_links":{"self":[{"href":"https:\/\/observatorioporunbuentrato.cl\/index.php?rest_route=\/wp\/v2\/pages\/137","targetHints":{"allow":["GET"]}}],"collection":[{"href":"https:\/\/observatorioporunbuentrato.cl\/index.php?rest_route=\/wp\/v2\/pages"}],"about":[{"href":"https:\/\/observatorioporunbuentrato.cl\/index.php?rest_route=\/wp\/v2\/types\/page"}],"author":[{"embeddable":true,"href":"https:\/\/observatorioporunbuentrato.cl\/index.php?rest_route=\/wp\/v2\/users\/2"}],"replies":[{"embeddable":true,"href":"https:\/\/observatorioporunbuentrato.cl\/index.php?rest_route=%2Fwp%2Fv2%2Fcomments&post=137"}],"version-history":[{"count":2,"href":"https:\/\/observatorioporunbuentrato.cl\/index.php?rest_route=\/wp\/v2\/pages\/137\/revisions"}],"predecessor-version":[{"id":524,"href":"https:\/\/observatorioporunbuentrato.cl\/index.php?rest_route=\/wp\/v2\/pages\/137\/revisions\/524"}],"wp:attachment":[{"href":"https:\/\/observatorioporunbuentrato.cl\/index.php?rest_route=%2Fwp%2Fv2%2Fmedia&parent=137"}],"curies":[{"name":"wp","href":"https:\/\/api.w.org\/{rel}","templated":true}]}}